{"id":121,"date":"2023-08-23T15:24:36","date_gmt":"2023-08-23T13:24:36","guid":{"rendered":"https:\/\/elmondhatod1.szineserzsebetvaros.hu\/?page_id=121"},"modified":"2023-09-07T14:09:05","modified_gmt":"2023-09-07T12:09:05","slug":"impresszum","status":"publish","type":"page","link":"https:\/\/elmondhatod.szineserzsebetvaros.hu\/en\/impresszum\/","title":{"rendered":"Imprint"},"content":{"rendered":"<div data-elementor-type=\"wp-page\" data-elementor-id=\"121\" class=\"elementor elementor-121\" data-elementor-post-type=\"page\">\n\t\t\t\t<div class=\"elementor-element elementor-element-05d941a e-flex e-con-boxed e-con e-parent\" data-id=\"05d941a\" data-element_type=\"container\">\n\t\t\t\t\t<div class=\"e-con-inner\">\n\t\t\t\t<div class=\"elementor-element elementor-element-8f03a03 elementor-widget elementor-widget-text-editor\" data-id=\"8f03a03\" data-element_type=\"widget\" data-widget_type=\"text-editor.default\">\n\t\t\t\t<div class=\"elementor-widget-container\">\n\t\t\t\t\t\t\t\t\t<p>The website is operated by the City of Short Distances Foundation.<br \/>Residence: 1077 Budapest, Wessel\u00e9nyi utca 13.<br \/>E-mail: <a href=\"mailto:info@kistavolsagokvarosa.hu\">info@kistavolsagokvarosa.hu<\/a><\/p>\t\t\t\t\t\t\t\t<\/div>\n\t\t\t\t<\/div>\n\t\t\t\t\t<\/div>\n\t\t\t\t<\/div>\n\t\t\t\t<\/div>","protected":false},"excerpt":{"rendered":"<p>A weboldal \u00fczemeltet\u0151je a Kis T\u00e1vols\u00e1gok V\u00e1rosa Alap\u00edtv\u00e1nySz\u00e9khely: 1077 Budapest, Wessel\u00e9nyi utca 13.E-mail: info@kistavolsagokvarosa.hu<\/p>","protected":false},"author":21,"featured_media":0,"parent":0,"menu_order":0,"comment_status":"closed","ping_status":"closed","template":"","meta":{"_monsterinsights_skip_tracking":false,"_monsterinsights_sitenote_active":false,"_monsterinsights_sitenote_note":"","_monsterinsights_sitenote_category":0,"footnotes":""},"class_list":["post-121","page","type-page","status-publish","hentry"],"_links":{"self":[{"href":"https:\/\/elmondhatod.szineserzsebetvaros.hu\/en\/wp-json\/wp\/v2\/pages\/121","targetHints":{"allow":["GET"]}}],"collection":[{"href":"https:\/\/elmondhatod.szineserzsebetvaros.hu\/en\/wp-json\/wp\/v2\/pages"}],"about":[{"href":"https:\/\/elmondhatod.szineserzsebetvaros.hu\/en\/wp-json\/wp\/v2\/types\/page"}],"author":[{"embeddable":true,"href":"https:\/\/elmondhatod.szineserzsebetvaros.hu\/en\/wp-json\/wp\/v2\/users\/21"}],"replies":[{"embeddable":true,"href":"https:\/\/elmondhatod.szineserzsebetvaros.hu\/en\/wp-json\/wp\/v2\/comments?post=121"}],"version-history":[{"count":7,"href":"https:\/\/elmondhatod.szineserzsebetvaros.hu\/en\/wp-json\/wp\/v2\/pages\/121\/revisions"}],"predecessor-version":[{"id":1299,"href":"https:\/\/elmondhatod.szineserzsebetvaros.hu\/en\/wp-json\/wp\/v2\/pages\/121\/revisions\/1299"}],"wp:attachment":[{"href":"https:\/\/elmondhatod.szineserzsebetvaros.hu\/en\/wp-json\/wp\/v2\/media?parent=121"}],"curies":[{"name":"wp","href":"https:\/\/api.w.org\/{rel}","templated":true}]}}