{"id":1408,"date":"2023-09-15T17:00:06","date_gmt":"2023-09-15T15:00:06","guid":{"rendered":"https:\/\/elmondhatod1.szineserzsebetvaros.hu\/?page_id=1408"},"modified":"2025-06-18T20:10:05","modified_gmt":"2025-06-18T18:10:05","slug":"hirlevel","status":"publish","type":"page","link":"https:\/\/elmondhatod.szineserzsebetvaros.hu\/en\/hirlevel\/","title":{"rendered":"Newsletter"},"content":{"rendered":"<div data-elementor-type=\"wp-page\" data-elementor-id=\"1408\" class=\"elementor elementor-1408\" data-elementor-post-type=\"page\">\n\t\t\t\t<div class=\"elementor-element elementor-element-980a939 e-flex e-con-boxed e-con e-parent\" data-id=\"980a939\" data-element_type=\"container\">\n\t\t\t\t\t<div class=\"e-con-inner\">\n\t\t\t\t<div class=\"elementor-element elementor-element-5df2c05 elementor-widget elementor-widget-heading\" data-id=\"5df2c05\" data-element_type=\"widget\" data-widget_type=\"heading.default\">\n\t\t\t\t<div class=\"elementor-widget-container\">\n\t\t\t\t\t<h2 class=\"elementor-heading-title elementor-size-default\">Subscribe to our newsletter<\/h2>\t\t\t\t<\/div>\n\t\t\t\t<\/div>\n\t\t\t\t\t<\/div>\n\t\t\t\t<\/div>\n\t\t<div class=\"elementor-element elementor-element-24711df e-flex e-con-boxed e-con e-parent\" data-id=\"24711df\" data-element_type=\"container\">\n\t\t\t\t\t<div class=\"e-con-inner\">\n\t\t\t\t<div class=\"elementor-element elementor-element-7f4ba4c fluent-form-widget-step-header-yes fluent-form-widget-step-progressbar-yes fluentform-widget-submit-button-custom elementor-widget elementor-widget-fluent-form-widget\" data-id=\"7f4ba4c\" data-element_type=\"widget\" data-widget_type=\"fluent-form-widget.default\">\n\t\t\t\t<div class=\"elementor-widget-container\">\n\t\t\t\t\t\n            <div class=\"fluentform-widget-wrapper fluentform-widget-align-default\">\n\n            \n            <div class='fluentform ff-default fluentform_wrapper_2 ffs_default_wrap'><form data-form_id=\"2\" id=\"fluentform_2\" class=\"frm-fluent-form fluent_form_2 ff-el-form-top ff_form_instance_2_1 ff-form-loading ffs_default\" data-form_instance=\"ff_form_instance_2_1\" method=\"POST\" action=\"\" ><fieldset  style=\"border: none!important;margin: 0!important;padding: 0!important;background-color: transparent!important;box-shadow: none!important;outline: none!important; min-inline-size: 100%;\">\n                    <legend class=\"ff_screen_reader_title\" style=\"display: block; margin: 0!important;padding: 0!important;height: 0!important;text-indent: -999999px;width: 0!important;overflow:hidden;\">Subscription Form<\/legend><input type='hidden' name='__fluent_form_embded_post_id' value='1408' \/><input type=\"hidden\" id=\"_fluentform_2_fluentformnonce\" name=\"_fluentform_2_fluentformnonce\" value=\"e6ece7aa77\" \/><input type=\"hidden\" name=\"_wp_http_referer\" value=\"\/en\/wp-json\/wp\/v2\/pages\/1408\" \/><div data-type=\"name-element\" data-name=\"names\" class=\"ff-field_container ff-name-field-wrapper\" ><div class='ff-t-container'><div class='ff-t-cell'><div class='ff-el-group ff-el-form-top'><div class=\"ff-el-input--label asterisk-right\"><label for='ff_2_names_first_name_' id='label_ff_2_names_first_name_' >First name<\/label><\/div><div class='ff-el-input--content'><input type=\"text\" name=\"names[first_name]\" id=\"ff_2_names_first_name_\" class=\"ff-el-form-control\" placeholder=\"Enter Your First Name\" aria-invalid=\"false\" aria-required=\"false\"><\/div><\/div><\/div><div class='ff-t-cell'><div class='ff-el-group ff-el-form-top'><div class=\"ff-el-input--label asterisk-right\"><label for='ff_2_names_last_name_' id='label_ff_2_names_last_name_' >Last name<\/label><\/div><div class='ff-el-input--content'><input type=\"text\" name=\"names[last_name]\" id=\"ff_2_names_last_name_\" class=\"ff-el-form-control\" placeholder=\"Enter Your Last Name\" aria-invalid=\"false\" aria-required=\"false\"><\/div><\/div><\/div><\/div><\/div><div class='ff-el-group'><div class=\"ff-el-input--label ff-el-is-required asterisk-right\"><label for='ff_2_email' id='label_ff_2_email' aria-label=\"Email\">Email<\/label><\/div><div class='ff-el-input--content'><input type=\"email\" name=\"email\" id=\"ff_2_email\" class=\"ff-el-form-control\" placeholder=\"Email Address\" data-name=\"email\"  aria-invalid=\"false\" aria-required=\"true\"><\/div><\/div><div class='ff-el-group'><div class=\"ff-el-input--label ff-el-is-required asterisk-right\"><label   aria-label=\"I want to help as an activist\">I want to help as an activist <\/label><\/div><div class='ff-el-input--content'><div class='ff-el-form-check ff-el-form-check-'><label class='ff-el-form-check-label'><input  type=\"radio\" name=\"input_radio\" data-name=\"input_radio\" class=\"ff-el-form-check-input ff-el-form-check-radio\" value=\"Igen\"  id='input_radio_38abbbe0fdb9402643e92a68fc1f304b' aria-label='Yes' aria-invalid='false' aria-required=\"true\"> <span>Yes<\/span><\/label><\/div><div class='ff-el-form-check ff-el-form-check-'><label class='ff-el-form-check-label'><input  type=\"radio\" name=\"input_radio\" data-name=\"input_radio\" class=\"ff-el-form-check-input ff-el-form-check-radio\" value=\"Nem\"  id='input_radio_be957800fcf798fb78530b58ff4e86ba' aria-label='No' aria-invalid='false' aria-required=\"true\"> <span>No<\/span><\/label><\/div><\/div><\/div><div class='ff-el-group    ff-el-input--content'><div class='ff-el-form-check ff-el-tc'><label aria-label='Terms and Conditions: Elfogadom az adatv\u00e9delmi szab\u00e1lyzat. Contains 1 link. Use tab navigation to review.' class='ff-el-form-check-label ff_tc_label' for=\"terms-n-condition_b1527e74d5397b03f6a611f40e4fd2e4\"><span class='ff_tc_checkbox'><input type=\"checkbox\" name=\"terms-n-condition\" class=\"ff-el-form-check-input\" data-name=\"terms-n-condition\" id=\"terms-n-condition_b1527e74d5397b03f6a611f40e4fd2e4\"  value='on' aria-invalid='false' aria-required=\"false\"><\/span> <div class='ff_t_c'><p>I accept the <a href=\"#\" target=\"_blank\" rel=\"noopener\">privacy policy.<\/a><\/p><\/div><\/label><\/div><\/div><div class='ff-el-group ff-text-left ff_submit_btn_wrapper'><button type=\"submit\" class=\"ff-btn ff-btn-submit ff-btn-md ff_btn_style\"  aria-label=\"I subscribe to the newsletter\">I subscribe to the newsletter<\/button><\/div><\/fieldset><input type=\"hidden\" name=\"trp-form-language\" value=\"en\"\/><\/form><div id='fluentform_2_errors' class='ff-errors-in-stack ff_form_instance_2_1 ff-form-loading_errors ff_form_instance_2_1_errors'><\/div><\/div>            <script type=\"text\/javascript\">\n                window.fluent_form_ff_form_instance_2_1 = {\"id\":\"2\",\"settings\":{\"layout\":{\"labelPlacement\":\"top\",\"helpMessagePlacement\":\"with_label\",\"errorMessagePlacement\":\"inline\",\"asteriskPlacement\":\"asterisk-right\"},\"restrictions\":{\"denyEmptySubmission\":{\"enabled\":false}}},\"form_instance\":\"ff_form_instance_2_1\",\"form_id_selector\":\"fluentform_2\",\"rules\":{\"names[first_name]\":{\"required\":{\"value\":false,\"message\":\"This field is required\",\"global_message\":\"Ez egy k\\u00f6telez\\u0151 mez\\u0151\",\"global\":true}},\"names[middle_name]\":{\"required\":{\"value\":false,\"message\":\"This field is required\",\"global_message\":\"Ez egy k\\u00f6telez\\u0151 mez\\u0151\",\"global\":true}},\"names[last_name]\":{\"required\":{\"value\":false,\"message\":\"This field is required\",\"global_message\":\"Ez egy k\\u00f6telez\\u0151 mez\\u0151\",\"global\":true}},\"email\":{\"required\":{\"value\":true,\"message\":\"This field is required\",\"global_message\":\"Ez egy k\\u00f6telez\\u0151 mez\\u0151\",\"global\":true},\"email\":{\"value\":true,\"message\":\"This field must contain a valid email\",\"global_message\":\"A mez\\u0151nek \\u00e9rv\\u00e9nyes emailc\\u00edmet kell tartalmaznia\",\"global\":true}},\"input_radio\":{\"required\":{\"value\":true,\"message\":\"This field is required\",\"global_message\":\"Ez egy k\\u00f6telez\\u0151 mez\\u0151\",\"global\":true}},\"terms-n-condition\":{\"required\":{\"value\":false,\"message\":\"This field is required\",\"global_message\":\"Ez egy k\\u00f6telez\\u0151 mez\\u0151\",\"global\":true}}},\"debounce_time\":300,\"conditionals\":{\"names\":{\"type\":\"any\",\"status\":true,\"conditions\":[{\"field\":\"\",\"value\":\"\",\"operator\":\"\"}],\"condition_groups\":[{\"rules\":[{\"field\":\"\",\"value\":\"\",\"operator\":\"\"}],\"title\":\"\",\"isEditingTitle\":false,\"isPreviewOpen\":false,\"isGroupOpen\":true}]}}};\n                            <\/script>\n                        <\/div>\n\n            \t\t\t\t<\/div>\n\t\t\t\t<\/div>\n\t\t\t\t\t<\/div>\n\t\t\t\t<\/div>\n\t\t\t\t<\/div>","protected":false},"excerpt":{"rendered":"<p>Iratkozzon fel h\u00edrlevel\u00fcnkre Subscription Form Keresztn\u00e9vVezet\u00e9kn\u00e9vEmailAktivistak\u00e9nt szeretn\u00e9k seg\u00edteni Igen Nem Elfogadom az adatv\u00e9delmi szab\u00e1lyzat. Feliratkozom a h\u00edrlev\u00e9lre<\/p>","protected":false},"author":21,"featured_media":0,"parent":0,"menu_order":0,"comment_status":"closed","ping_status":"closed","template":"","meta":{"_monsterinsights_skip_tracking":false,"_monsterinsights_sitenote_active":false,"_monsterinsights_sitenote_note":"","_monsterinsights_sitenote_category":0,"footnotes":""},"class_list":["post-1408","page","type-page","status-publish","hentry"],"_links":{"self":[{"href":"https:\/\/elmondhatod.szineserzsebetvaros.hu\/en\/wp-json\/wp\/v2\/pages\/1408","targetHints":{"allow":["GET"]}}],"collection":[{"href":"https:\/\/elmondhatod.szineserzsebetvaros.hu\/en\/wp-json\/wp\/v2\/pages"}],"about":[{"href":"https:\/\/elmondhatod.szineserzsebetvaros.hu\/en\/wp-json\/wp\/v2\/types\/page"}],"author":[{"embeddable":true,"href":"https:\/\/elmondhatod.szineserzsebetvaros.hu\/en\/wp-json\/wp\/v2\/users\/21"}],"replies":[{"embeddable":true,"href":"https:\/\/elmondhatod.szineserzsebetvaros.hu\/en\/wp-json\/wp\/v2\/comments?post=1408"}],"version-history":[{"count":20,"href":"https:\/\/elmondhatod.szineserzsebetvaros.hu\/en\/wp-json\/wp\/v2\/pages\/1408\/revisions"}],"predecessor-version":[{"id":4675,"href":"https:\/\/elmondhatod.szineserzsebetvaros.hu\/en\/wp-json\/wp\/v2\/pages\/1408\/revisions\/4675"}],"wp:attachment":[{"href":"https:\/\/elmondhatod.szineserzsebetvaros.hu\/en\/wp-json\/wp\/v2\/media?parent=1408"}],"curies":[{"name":"wp","href":"https:\/\/api.w.org\/{rel}","templated":true}]}}