{"id":3843,"date":"2024-04-19T14:33:06","date_gmt":"2024-04-19T12:33:06","guid":{"rendered":"https:\/\/elmondhatod.szineserzsebetvaros.hu\/?page_id=3843"},"modified":"2024-04-19T15:42:33","modified_gmt":"2024-04-19T13:42:33","slug":"program","status":"publish","type":"page","link":"https:\/\/elmondhatod.szineserzsebetvaros.hu\/en\/program\/","title":{"rendered":"Our passion is Erzs\u00e9betv\u00e1ros"},"content":{"rendered":"<div data-elementor-type=\"wp-page\" data-elementor-id=\"3843\" class=\"elementor elementor-3843\" data-elementor-post-type=\"page\">\n\t\t\t\t<div class=\"elementor-element elementor-element-b53dc23 e-flex e-con-boxed e-con e-parent\" data-id=\"b53dc23\" data-element_type=\"container\">\n\t\t\t\t\t<div class=\"e-con-inner\">\n\t\t<div class=\"elementor-element elementor-element-20de89e e-flex e-con-boxed e-con e-child\" data-id=\"20de89e\" data-element_type=\"container\">\n\t\t\t\t\t<div class=\"e-con-inner\">\n\t\t\t\t<div class=\"elementor-element elementor-element-816e2ce elementor-widget elementor-widget-text-editor\" data-id=\"816e2ce\" data-element_type=\"widget\" data-widget_type=\"text-editor.default\">\n\t\t\t\t<div class=\"elementor-widget-container\">\n\t\t\t\t\t\t\t\t\t<p>In 2018, seeing the beauty and difficulties of the district, we decided to put all our knowledge at the service of our home as residents here in order to make Erzs\u00e9betv\u00e1ros a place where it is good to live and where the district exists for the people and not the other way around: we launched the Colorful Erzs\u00e9betv\u00e1ros civic organization. <br \/>In recent years, Sz\u00ednes Erzs\u00e9betv\u00e1ros tried to contact local residents for their opinions in many ways, we addressed thousands of people. The creation of our program was based on many thousands of hours of personal conversations with locals, questionnaire surveys, interactive online and offline tools and discussions with experts.<\/p><p>We have compiled our goals according to four pillars:<\/p><ul><li>Order in Erzs\u00e9betv\u00e1ros!<\/li><li>Effective Erzs\u00e9betv\u00e1ros!<\/li><li>Green Erzs\u00e9betv\u00e1ros!<\/li><li>Colorful Erzs\u00e9betv\u00e1ros!<\/li><\/ul>\t\t\t\t\t\t\t\t<\/div>\n\t\t\t\t<\/div>\n\t\t\t\t<div class=\"elementor-element elementor-element-fbae769 elementor-widget elementor-widget-heading\" data-id=\"fbae769\" data-element_type=\"widget\" data-widget_type=\"heading.default\">\n\t\t\t\t<div class=\"elementor-widget-container\">\n\t\t\t\t\t<h4 class=\"elementor-heading-title elementor-size-default\">Get to know our program!<\/h4>\t\t\t\t<\/div>\n\t\t\t\t<\/div>\n\t\t\t\t<div class=\"elementor-element elementor-element-4c91548 elementor-widget elementor-widget-pdfjs_viewer\" data-id=\"4c91548\" data-element_type=\"widget\" data-widget_type=\"pdfjs_viewer.default\">\n\t\t\t\t<div class=\"elementor-widget-container\">\n\t\t\t\t\t<iframe src=\"https:\/\/elmondhatod.szineserzsebetvaros.hu\/wp-content\/plugins\/pdf-viewer-for-elementor\/assets\/pdfjs\/web\/viewer.html?file=https:\/\/elmondhatod.szineserzsebetvaros.hu\/wp-content\/uploads\/2024\/04\/szines_erzsebetvaros_program.pdf&amp;embedded=true\" style=\"display: block; margin-left: auto; margin-right: auto; width: 855px; height: 1020px;\" frameborder=\"1\" marginheight=\"0px\" marginwidth=\"0px\" allowfullscreen><\/iframe>\t\t\t\t<\/div>\n\t\t\t\t<\/div>\n\t\t\t\t<div class=\"elementor-element elementor-element-4981b63 elementor-align-center elementor-widget elementor-widget-button\" data-id=\"4981b63\" data-element_type=\"widget\" data-widget_type=\"button.default\">\n\t\t\t\t<div class=\"elementor-widget-container\">\n\t\t\t\t\t\t\t\t\t<div class=\"elementor-button-wrapper\">\n\t\t\t\t\t<a class=\"elementor-button elementor-button-link elementor-size-sm\" href=\"https:\/\/elmondhatod.szineserzsebetvaros.hu\/wp-content\/uploads\/2024\/04\/szines_erzsebetvaros_program.pdf\" target=\"_blank\" let=\"szines_erzsebetvaros_program\">\n\t\t\t\t\t\t<span class=\"elementor-button-content-wrapper\">\n\t\t\t\t\t\t\t\t\t<span class=\"elementor-button-text\">Download the program<\/span>\n\t\t\t\t\t<\/span>\n\t\t\t\t\t<\/a>\n\t\t\t\t<\/div>\n\t\t\t\t\t\t\t\t<\/div>\n\t\t\t\t<\/div>\n\t\t\t\t\t<\/div>\n\t\t\t\t<\/div>\n\t\t\t\t\t<\/div>\n\t\t\t\t<\/div>\n\t\t\t\t<\/div>","protected":false},"excerpt":{"rendered":"<p>2018-ban l\u00e1tva a ker\u00fclet sz\u00e9ps\u00e9geit \u00e9s neh\u00e9zs\u00e9geit \u00fagy d\u00f6nt\u00f6tt\u00fcnk, hogy itt lak\u00f3k\u00e9nt otthonunk szolg\u00e1lat\u00e1ba \u00e1ll\u00edtjuk minden tud\u00e1sunkat az\u00e9rt, hogy Erzs\u00e9betv\u00e1ros egy olyan hely legyen, ahol j\u00f3 lakni, \u00e9s ahol a ker\u00fclet van az emberek\u00e9rt \u00e9s nem ford\u00edtva: \u00e9letre h\u00edvtuk a Sz\u00ednes Erzs\u00e9betv\u00e1ros civil szervezetet. Az elm\u00falt \u00e9vekben a Sz\u00ednes Erzs\u00e9betv\u00e1ros sz\u00e1mos form\u00e1ban igyekezett v\u00e9lem\u00e9nyek\u00e9rt fordulni [&hellip;]<\/p>","protected":false},"author":21,"featured_media":0,"parent":0,"menu_order":0,"comment_status":"closed","ping_status":"closed","template":"","meta":{"_monsterinsights_skip_tracking":false,"_monsterinsights_sitenote_active":false,"_monsterinsights_sitenote_note":"","_monsterinsights_sitenote_category":0,"footnotes":""},"class_list":["post-3843","page","type-page","status-publish","hentry"],"_links":{"self":[{"href":"https:\/\/elmondhatod.szineserzsebetvaros.hu\/en\/wp-json\/wp\/v2\/pages\/3843","targetHints":{"allow":["GET"]}}],"collection":[{"href":"https:\/\/elmondhatod.szineserzsebetvaros.hu\/en\/wp-json\/wp\/v2\/pages"}],"about":[{"href":"https:\/\/elmondhatod.szineserzsebetvaros.hu\/en\/wp-json\/wp\/v2\/types\/page"}],"author":[{"embeddable":true,"href":"https:\/\/elmondhatod.szineserzsebetvaros.hu\/en\/wp-json\/wp\/v2\/users\/21"}],"replies":[{"embeddable":true,"href":"https:\/\/elmondhatod.szineserzsebetvaros.hu\/en\/wp-json\/wp\/v2\/comments?post=3843"}],"version-history":[{"count":53,"href":"https:\/\/elmondhatod.szineserzsebetvaros.hu\/en\/wp-json\/wp\/v2\/pages\/3843\/revisions"}],"predecessor-version":[{"id":3898,"href":"https:\/\/elmondhatod.szineserzsebetvaros.hu\/en\/wp-json\/wp\/v2\/pages\/3843\/revisions\/3898"}],"wp:attachment":[{"href":"https:\/\/elmondhatod.szineserzsebetvaros.hu\/en\/wp-json\/wp\/v2\/media?parent=3843"}],"curies":[{"name":"wp","href":"https:\/\/api.w.org\/{rel}","templated":true}]}}