{"id":4079,"date":"2024-08-23T16:25:29","date_gmt":"2024-08-23T14:25:29","guid":{"rendered":"https:\/\/elmondhatod.szineserzsebetvaros.hu\/?page_id=4079"},"modified":"2024-08-23T16:28:37","modified_gmt":"2024-08-23T14:28:37","slug":"koz-ter-nap-kezikonyv","status":"publish","type":"page","link":"https:\/\/elmondhatod.szineserzsebetvaros.hu\/en\/koz-ter-nap-kezikonyv\/","title":{"rendered":"K\u00f6z-T\u00e9r Nap k\u00e9zik\u00f6nyv"},"content":{"rendered":"<div data-elementor-type=\"wp-page\" data-elementor-id=\"4079\" class=\"elementor elementor-4079\" data-elementor-post-type=\"page\">\n\t\t\t\t<div class=\"elementor-element elementor-element-36dec41 e-flex e-con-boxed e-con e-parent\" data-id=\"36dec41\" data-element_type=\"container\" data-e-type=\"container\">\n\t\t\t\t\t<div class=\"e-con-inner\">\n\t\t\t\t<div class=\"elementor-element elementor-element-e196532 elementor-widget__width-initial elementor-widget elementor-widget-pdfjs-viewer\" data-id=\"e196532\" data-element_type=\"widget\" data-e-type=\"widget\" data-widget_type=\"pdfjs-viewer.default\">\n\t\t\t\t<div class=\"elementor-widget-container\">\n\t\t\t\t\t<iframe width=\"1900\" height=\"1080\" src=\"https:\/\/elmondhatod.szineserzsebetvaros.hu\/wp-content\/plugins\/pdfjs-viewer-for-elementor\/\/assets\/js\/pdfjs\/web\/viewer.html?file=https:\/\/elmondhatod.szineserzsebetvaros.hu\/wp-content\/uploads\/2024\/08\/Parking_Day_utmutato-1.pdf\"><\/iframe>\t\t\t\t<\/div>\n\t\t\t\t<\/div>\n\t\t\t\t\t<\/div>\n\t\t\t\t<\/div>\n\t\t\t\t<\/div>","protected":false},"excerpt":{"rendered":"","protected":false},"author":3,"featured_media":0,"parent":0,"menu_order":0,"comment_status":"closed","ping_status":"closed","template":"","meta":{"_monsterinsights_skip_tracking":false,"_monsterinsights_sitenote_active":false,"_monsterinsights_sitenote_note":"","_monsterinsights_sitenote_category":0,"footnotes":""},"class_list":["post-4079","page","type-page","status-publish","hentry"],"_links":{"self":[{"href":"https:\/\/elmondhatod.szineserzsebetvaros.hu\/en\/wp-json\/wp\/v2\/pages\/4079","targetHints":{"allow":["GET"]}}],"collection":[{"href":"https:\/\/elmondhatod.szineserzsebetvaros.hu\/en\/wp-json\/wp\/v2\/pages"}],"about":[{"href":"https:\/\/elmondhatod.szineserzsebetvaros.hu\/en\/wp-json\/wp\/v2\/types\/page"}],"author":[{"embeddable":true,"href":"https:\/\/elmondhatod.szineserzsebetvaros.hu\/en\/wp-json\/wp\/v2\/users\/3"}],"replies":[{"embeddable":true,"href":"https:\/\/elmondhatod.szineserzsebetvaros.hu\/en\/wp-json\/wp\/v2\/comments?post=4079"}],"version-history":[{"count":7,"href":"https:\/\/elmondhatod.szineserzsebetvaros.hu\/en\/wp-json\/wp\/v2\/pages\/4079\/revisions"}],"predecessor-version":[{"id":4087,"href":"https:\/\/elmondhatod.szineserzsebetvaros.hu\/en\/wp-json\/wp\/v2\/pages\/4079\/revisions\/4087"}],"wp:attachment":[{"href":"https:\/\/elmondhatod.szineserzsebetvaros.hu\/en\/wp-json\/wp\/v2\/media?parent=4079"}],"curies":[{"name":"wp","href":"https:\/\/api.w.org\/{rel}","templated":true}]}}